{"id":66,"date":"2023-05-02T15:47:49","date_gmt":"2023-05-02T12:47:49","guid":{"rendered":"https:\/\/homeset.com.tr\/?page_id=66"},"modified":"2023-05-02T15:50:36","modified_gmt":"2023-05-02T12:50:36","slug":"iletisim","status":"publish","type":"page","link":"https:\/\/homeset.com.tr\/en\/iletisim\/","title":{"rendered":"Contact"},"content":{"rendered":"<section class=\"wpb-content-wrapper\"><div id=\"row-banner\" data-vc-full-width=\"true\" data-vc-full-width-init=\"false\" data-vc-stretch-content=\"true\" class=\"vc_row wpb_row vc_row-fluid vc_row-no-padding\"><br \/>\n<b>Warning<\/b>:  Attempt to read property \"post_title\" on null in <b>\/var\/www\/vhosts\/homeset.com.tr\/httpdocs\/wp-content\/plugins\/js_composer\/include\/helpers\/helpers.php<\/b> on line <b>60<\/b><br \/>\n<div class=\"wpb_column vc_column_container vc_col-sm-12\"><div class=\"vc_column-inner\"><div class=\"wpb_wrapper\">\t\t<div class=\"promo-banner-wrapper\">\r\n\t\t\t<div id=\"wd-6451069212ce6\" class=\"promo-banner banner- banner-hover-none color-scheme-light banner-btn-size-default banner-btn-style-default wd-display-image banner-vr-align-middle banner-hr-align-center\" \r\n\t\t\t\t\t\t\t\t\t\t\t >\r\n\r\n\t\t\t\t<div class=\"main-wrapp-img\">\r\n\t\t\t\t\t\t\t\t\t\t\t<div class=\"banner-image\">\r\n\t\t\t\t\t\t\t\t\t\t\t\t\t<\/div>\r\n\t\t\t\t\t\t\t\t\t<\/div>\r\n\r\n\t\t\t\t<div class=\"wrapper-content-banner wd-fill  wd-items-middle wd-justify-center\">\r\n\t\t\t\t\t<div class=\"content-banner text-center wd-width-100\">\r\n\t\t\t\t\t\t\t<div class=\"banner-title-wrap banner-title-extra-large\">\r\n\t\t\t\t\t\t\t\t\t\t\t\t\t\t\t\t\t<h1 class=\"banner-title wd-font-weight- wd-fontsize-xxl\">CONTACT<\/h1>\t\t\t\t\t\t\t\t<\/div>\r\n\t\t\t\t\t\t\t\t\t\t\t\t\t\t\t\t\t<\/div>\r\n\t\t\t\t<\/div>\r\n\t\t\t\t\t\t\t<\/div>\r\n\t\t<\/div>\r\n\t\t\r\n\t\t<\/div><\/div><\/div><\/div><div class=\"vc_row-full-width vc_clearfix\"><\/div><div id=\"row-harita-baslik\" data-vc-full-width=\"true\" data-vc-full-width-init=\"false\" data-vc-stretch-content=\"true\" class=\"vc_row wpb_row vc_row-fluid\"><div class=\"wpb_column vc_column_container vc_col-sm-12\"><div class=\"vc_column-inner\"><div class=\"wpb_wrapper\"><div class=\"vc_separator wpb_content_element vc_separator_align_center vc_sep_width_100 vc_sep_pos_align_center vc_sep_color_grey vc_separator-has-text\" ><span class=\"vc_sep_holder vc_sep_holder_l\"><span class=\"vc_sep_line\"><\/span><\/span><h4>Map Information<\/h4><span class=\"vc_sep_holder vc_sep_holder_r\"><span class=\"vc_sep_line\"><\/span><\/span>\n<\/div><\/div><\/div><\/div><\/div><div class=\"vc_row-full-width vc_clearfix\"><\/div><div data-vc-full-width=\"true\" data-vc-full-width-init=\"false\" data-vc-stretch-content=\"true\" class=\"vc_row wpb_row vc_row-fluid vc_row-no-padding\"><div class=\"wpb_column vc_column_container vc_col-sm-12\"><div class=\"vc_column-inner\"><div class=\"wpb_wrapper\"><div class=\"wpb_gmaps_widget wpb_content_element\"><h2 class=\"wpb_heading wpb_map_heading\">Address<\/h2><div class=\"wpb_wrapper\"><div class=\"wpb_map_wraper\"><iframe src=\"https:\/\/www.google.com\/maps\/embed?pb=!1m14!1m8!1m3!1d12040.960541383378!2d28.814737!3d41.020002!3m2!1i1024!2i768!4f13.1!3m3!1m2!1s0x0%3A0x104f164817eb140d!2sHomeset%20Mobilya!5e0!3m2!1str!2str!4v1625729732849!5m2!1str!2str\" width=\"600\" height=\"450\" style=\"border:0;\" allowfullscreen=\"\" loading=\"lazy\"><\/iframe><\/div><\/div><\/div><\/div><\/div><\/div><\/div><div class=\"vc_row-full-width vc_clearfix\"><\/div><div id=\"row-iletisim\" class=\"vc_row wpb_row vc_row-fluid\"><div class=\"wpb_column vc_column_container vc_col-sm-12\"><div class=\"vc_column-inner\"><div class=\"wpb_wrapper\"><div class=\"vc_row wpb_row vc_inner vc_row-fluid\"><div class=\"wpb_column vc_column_container vc_col-sm-4\" id=\"column-adres\"><div class=\"vc_column-inner\"><div class=\"wpb_wrapper\">\n\t<div class=\"wpb_text_column wpb_content_element\" >\n\t\t<div class=\"wpb_wrapper\">\n\t\t\t<p><strong class=\"adres-tel-mail\">Address<\/strong><br \/>\n<img decoding=\"async\" src=\"https:\/\/homeset.com.tr\/wp-content\/uploads\/2023\/05\/Rectangle-2121.svg\" alt=\"Mail Adres\" \/><br \/>\n<a title=\"Homeset Mobilya \u0130stanbul Adres\" href=\"https:\/\/g.page\/home-set-mobilya?share\"><br \/>\nYenibosna Merkez mah. \u00c7\u0131nar cad.<br \/>\nKavak sk. No: 35 Bah\u00e7elievler, \u0130stanbul<br \/>\n<\/a><\/p>\n<p><strong class=\"adres-tel-mail\">Phone<\/strong><br \/>\n<img decoding=\"async\" src=\"https:\/\/homeset.com.tr\/wp-content\/uploads\/2023\/05\/Rectangle-2121.svg\" alt=\"Telefon\" \/><br \/>\n<a title=\"Homeset Mobilya Telefon\" href=\"tel: 902124330343\"><br \/>\n+90 212 433 03 43<br \/>\n<\/a><a title=\"Homeset Mobilya Telefon\" href=\"tel: 902124334663\"><br \/>\n+90 212 433 46 63<br \/>\n<\/a><a title=\"Homeset Mobilya Telefon Numaras\u0131\" href=\"tel: 905317316431\"><br \/>\n+90 531 731 64 31<br \/>\n<\/a><\/p>\n<p><strong class=\"adres-tel-mail\">Mail<\/strong><br \/>\n<img decoding=\"async\" src=\"https:\/\/homeset.com.tr\/wp-content\/uploads\/2023\/05\/Rectangle-2121.svg\" alt=\"Homeset Mobilya Adres\" \/><br \/>\n<a title=\"Homeset Mobilya Sipari\u015f Adres\" href=\"mailto:siparis@homeset.com.tr\"><br \/>\nsiparis@homeset.com.tr<\/a><br \/>\n<a title=\"Homeset Mobilya \u0130nfo\" href=\"mailto:info@homeset.com.tr\"><br \/>\ninfo@homeset.com.tr<\/a><br \/>\n<a title=\"Homeset Mobilya Muhasebe\" href=\"mailto:muhasebe@homeset.com.tr\"><br \/>\nmuhasebe@homeset.com.tr<br \/>\n<\/a><\/p>\n\n\t\t<\/div>\n\t<\/div>\n<\/div><\/div><\/div><div class=\"wpb_column vc_column_container vc_col-sm-8\" id=\"column-contact-form\"><div class=\"vc_column-inner\"><div class=\"wpb_wrapper\"><div class=\"vc_separator wpb_content_element vc_separator_align_center vc_sep_width_100 vc_sep_pos_align_center vc_sep_color_grey vc_separator-has-text\" id=\"iletisim-seperator\"><span class=\"vc_sep_holder vc_sep_holder_l\"><span class=\"vc_sep_line\"><\/span><\/span><h4>Contact Form<\/h4><span class=\"vc_sep_holder vc_sep_holder_r\"><span class=\"vc_sep_line\"><\/span><\/span>\n<\/div>\n<div class=\"wpcf7 no-js\" id=\"wpcf7-f7-o1\" lang=\"tr-TR\" dir=\"ltr\" data-wpcf7-id=\"7\">\n<div class=\"screen-reader-response\"><p role=\"status\" aria-live=\"polite\" aria-atomic=\"true\"><\/p> <ul><\/ul><\/div>\n<form action=\"\/en\/wp-json\/wp\/v2\/pages\/66#wpcf7-f7-o1\" method=\"post\" class=\"wpcf7-form init\" aria-label=\"Contact Form\" novalidate=\"novalidate\" data-status=\"init\" data-trp-original-action=\"\/en\/wp-json\/wp\/v2\/pages\/66#wpcf7-f7-o1\">\n<fieldset class=\"hidden-fields-container\"><input type=\"hidden\" name=\"_wpcf7\" value=\"7\" \/><input type=\"hidden\" name=\"_wpcf7_version\" value=\"6.1.5\" \/><input type=\"hidden\" name=\"_wpcf7_locale\" value=\"tr_TR\" \/><input type=\"hidden\" name=\"_wpcf7_unit_tag\" value=\"wpcf7-f7-o1\" \/><input type=\"hidden\" name=\"_wpcf7_container_post\" value=\"0\" \/><input type=\"hidden\" name=\"_wpcf7_posted_data_hash\" value=\"\" \/>\n<\/fieldset>\n<p><span class=\"wpcf7-form-control-wrap\" data-name=\"your-name\"><input size=\"40\" maxlength=\"400\" class=\"wpcf7-form-control wpcf7-text wpcf7-validates-as-required\" aria-required=\"true\" aria-invalid=\"false\" placeholder=\"\u0130sim (gerekli)\" value=\"\" type=\"text\" name=\"your-name\" \/><\/span>\n<\/p>\n<p><span class=\"wpcf7-form-control-wrap\" data-name=\"your-email\"><input size=\"40\" maxlength=\"400\" class=\"wpcf7-form-control wpcf7-email wpcf7-validates-as-required wpcf7-text wpcf7-validates-as-email\" aria-required=\"true\" aria-invalid=\"false\" placeholder=\"Email (required)\" value=\"\" type=\"email\" name=\"your-email\" \/><\/span>\n<\/p>\n<p><span class=\"wpcf7-form-control-wrap\" data-name=\"your-subject\"><input size=\"40\" maxlength=\"400\" class=\"wpcf7-form-control wpcf7-text\" aria-invalid=\"false\" placeholder=\"Subject\" value=\"\" type=\"text\" name=\"your-subject\" \/><\/span>\n<\/p>\n<p><span class=\"wpcf7-form-control-wrap\" data-name=\"your-message\"><textarea cols=\"40\" rows=\"10\" maxlength=\"2000\" class=\"wpcf7-form-control wpcf7-textarea\" aria-invalid=\"false\" placeholder=\"Message\" name=\"your-message\"><\/textarea><\/span>\n<\/p>\n<p><input class=\"wpcf7-form-control wpcf7-submit has-spinner\" type=\"submit\" value=\"Submit\" \/>\n<\/p><div class=\"wpcf7-response-output\" aria-hidden=\"true\"><\/div>\n<input type=\"hidden\" name=\"trp-form-language\" value=\"en\"\/><\/form>\n<\/div>\n<\/div><\/div><\/div><\/div><\/div><\/div><\/div><\/div>\n<\/section>","protected":false},"excerpt":{"rendered":"Warning: Attempt to read property \"post_title\" on null in \/var\/www\/vhosts\/homeset.com.tr\/httpdocs\/wp-content\/plugins\/js_composer\/include\/helpers\/helpers.php on line 60 \u0130LET\u0130\u015e\u0130M Harita Bilgileri Adres Adres Yenibosna Merkez","protected":false},"author":1,"featured_media":0,"parent":0,"menu_order":0,"comment_status":"closed","ping_status":"closed","template":"","meta":{"footnotes":""},"class_list":["post-66","page","type-page","status-publish","hentry"],"yoast_head":"<!-- This site is optimized with the Yoast SEO plugin v20.6 - https:\/\/yoast.com\/wordpress\/plugins\/seo\/ -->\n<title>\u0130leti\u015fim - Homeset<\/title>\n<meta name=\"robots\" content=\"index, follow, max-snippet:-1, max-image-preview:large, max-video-preview:-1\" \/>\n<link rel=\"canonical\" href=\"https:\/\/homeset.com.tr\/en\/iletisim\/\" \/>\n<meta property=\"og:locale\" content=\"en_US\" \/>\n<meta property=\"og:type\" content=\"article\" \/>\n<meta property=\"og:title\" content=\"\u0130leti\u015fim - Homeset\" \/>\n<meta property=\"og:url\" content=\"https:\/\/homeset.com.tr\/en\/iletisim\/\" \/>\n<meta property=\"og:site_name\" content=\"Homeset\" \/>\n<meta property=\"article:publisher\" content=\"https:\/\/www.facebook.com\/HomesetMobilya1\/\" \/>\n<meta property=\"article:modified_time\" content=\"2023-05-02T12:50:36+00:00\" \/>\n<meta property=\"og:image\" content=\"https:\/\/homeset.com.tr\/wp-content\/uploads\/2023\/05\/Rectangle-2121.svg\" \/>\n<meta name=\"twitter:card\" content=\"summary_large_image\" \/>\n<meta name=\"twitter:label1\" content=\"Est. reading time\" \/>\n\t<meta name=\"twitter:data1\" content=\"2 minutes\" \/>\n<script type=\"application\/ld+json\" class=\"yoast-schema-graph\">{\"@context\":\"https:\/\/schema.org\",\"@graph\":[{\"@type\":\"WebPage\",\"@id\":\"https:\/\/homeset.com.tr\/iletisim\/\",\"url\":\"https:\/\/homeset.com.tr\/iletisim\/\",\"name\":\"\u0130leti\u015fim - Homeset\",\"isPartOf\":{\"@id\":\"https:\/\/homeset.com.tr\/#website\"},\"datePublished\":\"2023-05-02T12:47:49+00:00\",\"dateModified\":\"2023-05-02T12:50:36+00:00\",\"breadcrumb\":{\"@id\":\"https:\/\/homeset.com.tr\/iletisim\/#breadcrumb\"},\"inLanguage\":\"en-US\",\"potentialAction\":[{\"@type\":\"ReadAction\",\"target\":[\"https:\/\/homeset.com.tr\/iletisim\/\"]}]},{\"@type\":\"BreadcrumbList\",\"@id\":\"https:\/\/homeset.com.tr\/iletisim\/#breadcrumb\",\"itemListElement\":[{\"@type\":\"ListItem\",\"position\":1,\"name\":\"Anasayfa\",\"item\":\"https:\/\/homeset.com.tr\/\"},{\"@type\":\"ListItem\",\"position\":2,\"name\":\"\u0130leti\u015fim\"}]},{\"@type\":\"WebSite\",\"@id\":\"https:\/\/homeset.com.tr\/#website\",\"url\":\"https:\/\/homeset.com.tr\/\",\"name\":\"Homeset\",\"description\":\"\u015e\u0131k, konforlu ve estetik.\",\"publisher\":{\"@id\":\"https:\/\/homeset.com.tr\/#organization\"},\"alternateName\":\"Homeset Mobilya\",\"potentialAction\":[{\"@type\":\"SearchAction\",\"target\":{\"@type\":\"EntryPoint\",\"urlTemplate\":\"https:\/\/homeset.com.tr\/?s={search_term_string}\"},\"query-input\":\"required name=search_term_string\"}],\"inLanguage\":\"en-US\"},{\"@type\":\"Organization\",\"@id\":\"https:\/\/homeset.com.tr\/#organization\",\"name\":\"Homeset\",\"alternateName\":\"Homeset Mobilya\",\"url\":\"https:\/\/homeset.com.tr\/\",\"logo\":{\"@type\":\"ImageObject\",\"inLanguage\":\"en-US\",\"@id\":\"https:\/\/homeset.com.tr\/#\/schema\/logo\/image\/\",\"url\":\"https:\/\/homeset.com.tr\/wp-content\/uploads\/2023\/05\/homeset-logo.svg\",\"contentUrl\":\"https:\/\/homeset.com.tr\/wp-content\/uploads\/2023\/05\/homeset-logo.svg\",\"width\":254,\"height\":71,\"caption\":\"Homeset\"},\"image\":{\"@id\":\"https:\/\/homeset.com.tr\/#\/schema\/logo\/image\/\"},\"sameAs\":[\"https:\/\/www.facebook.com\/HomesetMobilya1\/\",\"https:\/\/instagram.com\/homesetmobilya\/\",\"https:\/\/www.youtube.com\/channel\/UC3pCei4mXwe7oQeoLi0v_5Q\"]}]}<\/script>\n<!-- \/ Yoast SEO plugin. -->","yoast_head_json":{"title":"\u0130leti\u015fim - Homeset","robots":{"index":"index","follow":"follow","max-snippet":"max-snippet:-1","max-image-preview":"max-image-preview:large","max-video-preview":"max-video-preview:-1"},"canonical":"https:\/\/homeset.com.tr\/en\/iletisim\/","og_locale":"en_US","og_type":"article","og_title":"\u0130leti\u015fim - Homeset","og_url":"https:\/\/homeset.com.tr\/en\/iletisim\/","og_site_name":"Homeset","article_publisher":"https:\/\/www.facebook.com\/HomesetMobilya1\/","article_modified_time":"2023-05-02T12:50:36+00:00","og_image":[{"url":"https:\/\/homeset.com.tr\/wp-content\/uploads\/2023\/05\/Rectangle-2121.svg"}],"twitter_card":"summary_large_image","twitter_misc":{"Est. reading time":"2 minutes"},"schema":{"@context":"https:\/\/schema.org","@graph":[{"@type":"WebPage","@id":"https:\/\/homeset.com.tr\/iletisim\/","url":"https:\/\/homeset.com.tr\/iletisim\/","name":"\u0130leti\u015fim - Homeset","isPartOf":{"@id":"https:\/\/homeset.com.tr\/#website"},"datePublished":"2023-05-02T12:47:49+00:00","dateModified":"2023-05-02T12:50:36+00:00","breadcrumb":{"@id":"https:\/\/homeset.com.tr\/iletisim\/#breadcrumb"},"inLanguage":"en-US","potentialAction":[{"@type":"ReadAction","target":["https:\/\/homeset.com.tr\/iletisim\/"]}]},{"@type":"BreadcrumbList","@id":"https:\/\/homeset.com.tr\/iletisim\/#breadcrumb","itemListElement":[{"@type":"ListItem","position":1,"name":"Anasayfa","item":"https:\/\/homeset.com.tr\/"},{"@type":"ListItem","position":2,"name":"\u0130leti\u015fim"}]},{"@type":"WebSite","@id":"https:\/\/homeset.com.tr\/#website","url":"https:\/\/homeset.com.tr\/","name":"Homeset","description":"\u015e\u0131k, konforlu ve estetik.","publisher":{"@id":"https:\/\/homeset.com.tr\/#organization"},"alternateName":"Homeset Mobilya","potentialAction":[{"@type":"SearchAction","target":{"@type":"EntryPoint","urlTemplate":"https:\/\/homeset.com.tr\/?s={search_term_string}"},"query-input":"required name=search_term_string"}],"inLanguage":"en-US"},{"@type":"Organization","@id":"https:\/\/homeset.com.tr\/#organization","name":"Homeset","alternateName":"Homeset Mobilya","url":"https:\/\/homeset.com.tr\/","logo":{"@type":"ImageObject","inLanguage":"en-US","@id":"https:\/\/homeset.com.tr\/#\/schema\/logo\/image\/","url":"https:\/\/homeset.com.tr\/wp-content\/uploads\/2023\/05\/homeset-logo.svg","contentUrl":"https:\/\/homeset.com.tr\/wp-content\/uploads\/2023\/05\/homeset-logo.svg","width":254,"height":71,"caption":"Homeset"},"image":{"@id":"https:\/\/homeset.com.tr\/#\/schema\/logo\/image\/"},"sameAs":["https:\/\/www.facebook.com\/HomesetMobilya1\/","https:\/\/instagram.com\/homesetmobilya\/","https:\/\/www.youtube.com\/channel\/UC3pCei4mXwe7oQeoLi0v_5Q"]}]}},"_links":{"self":[{"href":"https:\/\/homeset.com.tr\/en\/wp-json\/wp\/v2\/pages\/66","targetHints":{"allow":["GET"]}}],"collection":[{"href":"https:\/\/homeset.com.tr\/en\/wp-json\/wp\/v2\/pages"}],"about":[{"href":"https:\/\/homeset.com.tr\/en\/wp-json\/wp\/v2\/types\/page"}],"author":[{"embeddable":true,"href":"https:\/\/homeset.com.tr\/en\/wp-json\/wp\/v2\/users\/1"}],"replies":[{"embeddable":true,"href":"https:\/\/homeset.com.tr\/en\/wp-json\/wp\/v2\/comments?post=66"}],"version-history":[{"count":2,"href":"https:\/\/homeset.com.tr\/en\/wp-json\/wp\/v2\/pages\/66\/revisions"}],"predecessor-version":[{"id":68,"href":"https:\/\/homeset.com.tr\/en\/wp-json\/wp\/v2\/pages\/66\/revisions\/68"}],"wp:attachment":[{"href":"https:\/\/homeset.com.tr\/en\/wp-json\/wp\/v2\/media?parent=66"}],"curies":[{"name":"wp","href":"https:\/\/api.w.org\/{rel}","templated":true}]}}