{"id":61,"date":"2023-05-02T13:22:47","date_gmt":"2023-05-02T10:22:47","guid":{"rendered":"https:\/\/homeset.com.tr\/?page_id=61"},"modified":"2023-05-02T14:34:31","modified_gmt":"2023-05-02T11:34:31","slug":"kurumsal","status":"publish","type":"page","link":"https:\/\/homeset.com.tr\/en\/kurumsal\/","title":{"rendered":"Institutional"},"content":{"rendered":"<section class=\"wpb-content-wrapper\"><div id=\"row-banner\" data-vc-full-width=\"true\" data-vc-full-width-init=\"false\" data-vc-stretch-content=\"true\" class=\"vc_row wpb_row vc_row-fluid vc_row-no-padding\"><br \/>\n<b>Warning<\/b>:  Attempt to read property \"post_title\" on null in <b>\/var\/www\/vhosts\/homeset.com.tr\/httpdocs\/wp-content\/plugins\/js_composer\/include\/helpers\/helpers.php<\/b> on line <b>60<\/b><br \/>\n<div class=\"wpb_column vc_column_container vc_col-sm-12\"><div class=\"vc_column-inner\"><div class=\"wpb_wrapper\">\t\t<div class=\"promo-banner-wrapper\">\r\n\t\t\t<div id=\"wd-6450e4a72fd24\" class=\"promo-banner banner- banner-hover-none color-scheme-light banner-btn-size-default banner-btn-style-default wd-display-image banner-vr-align-bottom banner-hr-align-center\" \r\n\t\t\t\t\t\t\t\t\t\t\t >\r\n\r\n\t\t\t\t<div class=\"main-wrapp-img\">\r\n\t\t\t\t\t\t\t\t\t\t\t<div class=\"banner-image\">\r\n\t\t\t\t\t\t\t\t\t\t\t\t\t<\/div>\r\n\t\t\t\t\t\t\t\t\t<\/div>\r\n\r\n\t\t\t\t<div class=\"wrapper-content-banner wd-fill  wd-items-bottom wd-justify-center\">\r\n\t\t\t\t\t<div class=\"content-banner text-center wd-width-100\">\r\n\t\t\t\t\t\t\t<div class=\"banner-title-wrap banner-title-default\">\r\n\t\t\t\t\t\t\t\t\t\t\t\t\t\t\t\t\t<h4 class=\"banner-title wd-font-weight- wd-fontsize-l\">INSTITUTIONAL<\/h4>\t\t\t\t\t\t\t\t<\/div>\r\n\t\t\t\t\t\t\t\t\t\t\t\t\t\t\t\t\t<\/div>\r\n\t\t\t\t<\/div>\r\n\t\t\t\t\t\t\t<\/div>\r\n\t\t<\/div>\r\n\t\t\r\n\t\t<\/div><\/div><\/div><\/div><div class=\"vc_row-full-width vc_clearfix\"><\/div><div class=\"vc_row wpb_row vc_row-fluid\"><div class=\"wpb_column vc_column_container vc_col-sm-1\"><div class=\"vc_column-inner\"><div class=\"wpb_wrapper\"><\/div><\/div><\/div><div class=\"wpb_column vc_column_container vc_col-sm-10\"><div class=\"vc_column-inner\"><div class=\"wpb_wrapper\"><div class=\"vc_row wpb_row vc_inner vc_row-fluid\"><div class=\"wpb_column vc_column_container vc_col-sm-12\"><div class=\"vc_column-inner\"><div class=\"wpb_wrapper\">\n\t<div class=\"wpb_text_column wpb_content_element\" >\n\t\t<div class=\"wpb_wrapper\">\n\t\t\t<p class=\"homeset-bazilari\" style=\"text-align: center;\"><span class=\"renkli-homeset\">\u201cHomeset;<\/span> Quality for All, Not Some\u201d<\/p>\n\n\t\t<\/div>\n\t<\/div>\n<\/div><\/div><\/div><\/div><div class=\"vc_separator wpb_content_element vc_separator_align_center vc_sep_width_20 vc_sep_pos_align_center vc_separator_no_text vc_sep_color_grey\" ><span class=\"vc_sep_holder vc_sep_holder_l\"><span class=\"vc_sep_line\"><\/span><\/span><span class=\"vc_sep_holder vc_sep_holder_r\"><span class=\"vc_sep_line\"><\/span><\/span>\n<\/div>\n\t<div  class=\"wpb_single_image wpb_content_element vc_align_center\">\n\t\t\n\t\t<figure class=\"wpb_wrapper vc_figure\">\n\t\t\t<div class=\"vc_single_image-wrapper   vc_box_border_grey\"><img loading=\"lazy\" decoding=\"async\" width=\"12\" height=\"12\" src=\"https:\/\/homeset.com.tr\/wp-content\/uploads\/2023\/05\/Rectangle-2121.svg\" class=\"vc_single_image-img attachment-full\" alt=\"\" title=\"Rectangle-2121\" \/><\/div>\n\t\t<\/figure>\n\t<\/div>\n\n\t<div class=\"wpb_text_column wpb_content_element\" >\n\t\t<div class=\"wpb_wrapper\">\n\t\t\t<p class=\"homeset-paragraf\" style=\"text-align: center;\">Homeset, which entered the sector with the production of young rooms 20 years ago, later added the bedroom and dining room, which it is now very assertive to, to its product group. Homeset has struggled for a long time to meet the needs of the middle and upper class with accessible quality. With its intense efforts in R&amp;D studies and its communication strategy aiming to reach the right person at the right time; By focusing on spending right, not saving, it transformed purchasing power from being a \"power\" into an ordinary choice. Currently, with a team of 68 people; He knew how to be at the center of furniture that you can lean on comfortably, trust-based customer relations and families who laugh at their tables.<\/p>\n\n\t\t<\/div>\n\t<\/div>\n<\/div><\/div><\/div><div class=\"wpb_column vc_column_container vc_col-sm-1\"><div class=\"vc_column-inner\"><div class=\"wpb_wrapper\"><\/div><\/div><\/div><\/div><div id=\"row-misyon-vizyon\" class=\"vc_row wpb_row vc_row-fluid\"><div class=\"wpb_column vc_column_container vc_col-sm-12\"><div class=\"vc_column-inner\"><div class=\"wpb_wrapper\"><div class=\"vc_row wpb_row vc_inner vc_row-fluid vc_row-o-content-middle vc_row-flex\"><div class=\"wpb_column column-resimler vc_column_container vc_col-sm-6\"><div class=\"vc_column-inner\"><div class=\"wpb_wrapper\">\n\t<div  class=\"wpb_single_image wpb_content_element vc_align_center zoom\">\n\t\t\n\t\t<figure class=\"wpb_wrapper vc_figure\">\n\t\t\t<div class=\"vc_single_image-wrapper   vc_box_border_grey\"><img loading=\"lazy\" decoding=\"async\" width=\"585\" height=\"446\" src=\"https:\/\/homeset.com.tr\/wp-content\/uploads\/2023\/05\/misyon-mizyon-pc.png\" class=\"vc_single_image-img attachment-full\" alt=\"\" title=\"misyon-mizyon-pc\" srcset=\"https:\/\/homeset.com.tr\/wp-content\/uploads\/2023\/05\/misyon-mizyon-pc.png 585w, https:\/\/homeset.com.tr\/wp-content\/uploads\/2023\/05\/misyon-mizyon-pc-300x229.png 300w, https:\/\/homeset.com.tr\/wp-content\/uploads\/2023\/05\/misyon-mizyon-pc-16x12.png 16w\" sizes=\"auto, (max-width: 585px) 100vw, 585px\" \/><\/div>\n\t\t<\/figure>\n\t<\/div>\n\n\t<div  class=\"wpb_single_image wpb_content_element vc_align_right tablet-resim\">\n\t\t\n\t\t<figure class=\"wpb_wrapper vc_figure\">\n\t\t\t<div class=\"vc_single_image-wrapper   vc_box_border_grey\"><img loading=\"lazy\" decoding=\"async\" width=\"337\" height=\"233\" src=\"https:\/\/homeset.com.tr\/wp-content\/uploads\/2023\/05\/misyon-vizyon-tablet.png\" class=\"vc_single_image-img attachment-full\" alt=\"\" title=\"misyon-vizyon-tablet\" srcset=\"https:\/\/homeset.com.tr\/wp-content\/uploads\/2023\/05\/misyon-vizyon-tablet.png 337w, https:\/\/homeset.com.tr\/wp-content\/uploads\/2023\/05\/misyon-vizyon-tablet-300x207.png 300w, https:\/\/homeset.com.tr\/wp-content\/uploads\/2023\/05\/misyon-vizyon-tablet-18x12.png 18w\" sizes=\"auto, (max-width: 337px) 100vw, 337px\" \/><\/div>\n\t\t<\/figure>\n\t<\/div>\n<\/div><\/div><\/div><div class=\"wpb_column column-misyon-vizyon vc_column_container vc_col-sm-6\"><div class=\"vc_column-inner\"><div class=\"wpb_wrapper\">\n\t<div class=\"wpb_text_column wpb_content_element\" >\n\t\t<div class=\"wpb_wrapper\">\n\t\t\t<div class=\"vizyon-paragrafi\">\n<p style=\"text-align: left;\"><strong class=\"baslik-vizyon\">VISION<\/strong><\/p>\n<p><img decoding=\"async\" src=\"https:\/\/homeset.com.tr\/wp-content\/uploads\/2023\/05\/Rectangle-2121.svg\" \/><\/p>\n<p style=\"text-align: left;\">Homeset; accepts the construction of the future not as a material-based existence, but as an experience-based reality. He thinks that not money, but enough money is the key motto to reach comfort.<\/p>\n<div><\/div>\n<p>&nbsp;<\/p>\n<\/div>\n\n\t\t<\/div>\n\t<\/div>\n\n\t<div class=\"wpb_text_column wpb_content_element\" >\n\t\t<div class=\"wpb_wrapper\">\n\t\t\t<p style=\"text-align: left;\"><strong class=\"baslik-vizyon\">MISSION<\/strong><\/p>\n<p><img decoding=\"async\" src=\"https:\/\/homeset.com.tr\/wp-content\/uploads\/2023\/05\/Rectangle-2121.svg\" \/><\/p>\n<p style=\"text-align: left;\">Homeset; It aims to make its vision sustainable through market researches and face-to-face meetings, and operates both at home and abroad so that accessible quality can enter all homes. While making each of its consumers innovative with the necessary trend tracking; creates customer loyalty with its durable products.<\/p>\n\n\t\t<\/div>\n\t<\/div>\n<\/div><\/div><\/div><\/div><\/div><\/div><\/div><\/div><div class=\"vc_row wpb_row vc_row-fluid\"><div class=\"wpb_column vc_column_container vc_col-sm-12\"><div class=\"vc_column-inner\"><div class=\"wpb_wrapper\">\n\t<div class=\"wpb_text_column wpb_content_element\" >\n\t\t<div class=\"wpb_wrapper\">\n\t\t\t\n\t\t<\/div>\n\t<\/div>\n<\/div><\/div><\/div><\/div>\n<\/section>","protected":false},"excerpt":{"rendered":"Warning: Attempt to read property \"post_title\" on null in \/var\/www\/vhosts\/homeset.com.tr\/httpdocs\/wp-content\/plugins\/js_composer\/include\/helpers\/helpers.php on line 60 KURUMSAL \u201cHomeset; Baz\u0131lar\u0131 \u0130\u00e7in De\u011fil Herkes \u0130\u00e7in","protected":false},"author":1,"featured_media":0,"parent":0,"menu_order":0,"comment_status":"closed","ping_status":"closed","template":"","meta":{"footnotes":""},"class_list":["post-61","page","type-page","status-publish","hentry"],"yoast_head":"<!-- This site is optimized with the Yoast SEO plugin v20.6 - https:\/\/yoast.com\/wordpress\/plugins\/seo\/ -->\n<title>Kurumsal - Homeset<\/title>\n<meta name=\"robots\" content=\"index, follow, max-snippet:-1, max-image-preview:large, max-video-preview:-1\" \/>\n<link rel=\"canonical\" href=\"https:\/\/homeset.com.tr\/en\/kurumsal\/\" \/>\n<meta property=\"og:locale\" content=\"en_US\" \/>\n<meta property=\"og:type\" content=\"article\" \/>\n<meta property=\"og:title\" content=\"Kurumsal - Homeset\" \/>\n<meta property=\"og:url\" content=\"https:\/\/homeset.com.tr\/en\/kurumsal\/\" \/>\n<meta property=\"og:site_name\" content=\"Homeset\" \/>\n<meta property=\"article:publisher\" content=\"https:\/\/www.facebook.com\/HomesetMobilya1\/\" \/>\n<meta property=\"article:modified_time\" content=\"2023-05-02T11:34:31+00:00\" \/>\n<meta property=\"og:image\" content=\"https:\/\/homeset.com.tr\/wp-content\/uploads\/2023\/05\/Rectangle-2121.svg\" \/>\n<meta name=\"twitter:card\" content=\"summary_large_image\" \/>\n<meta name=\"twitter:label1\" content=\"Est. reading time\" \/>\n\t<meta name=\"twitter:data1\" content=\"2 minutes\" \/>\n<script type=\"application\/ld+json\" class=\"yoast-schema-graph\">{\"@context\":\"https:\/\/schema.org\",\"@graph\":[{\"@type\":\"WebPage\",\"@id\":\"https:\/\/homeset.com.tr\/kurumsal\/\",\"url\":\"https:\/\/homeset.com.tr\/kurumsal\/\",\"name\":\"Kurumsal - Homeset\",\"isPartOf\":{\"@id\":\"https:\/\/homeset.com.tr\/#website\"},\"datePublished\":\"2023-05-02T10:22:47+00:00\",\"dateModified\":\"2023-05-02T11:34:31+00:00\",\"breadcrumb\":{\"@id\":\"https:\/\/homeset.com.tr\/kurumsal\/#breadcrumb\"},\"inLanguage\":\"en-US\",\"potentialAction\":[{\"@type\":\"ReadAction\",\"target\":[\"https:\/\/homeset.com.tr\/kurumsal\/\"]}]},{\"@type\":\"BreadcrumbList\",\"@id\":\"https:\/\/homeset.com.tr\/kurumsal\/#breadcrumb\",\"itemListElement\":[{\"@type\":\"ListItem\",\"position\":1,\"name\":\"Anasayfa\",\"item\":\"https:\/\/homeset.com.tr\/\"},{\"@type\":\"ListItem\",\"position\":2,\"name\":\"Kurumsal\"}]},{\"@type\":\"WebSite\",\"@id\":\"https:\/\/homeset.com.tr\/#website\",\"url\":\"https:\/\/homeset.com.tr\/\",\"name\":\"Homeset\",\"description\":\"\u015e\u0131k, konforlu ve estetik.\",\"publisher\":{\"@id\":\"https:\/\/homeset.com.tr\/#organization\"},\"alternateName\":\"Homeset Mobilya\",\"potentialAction\":[{\"@type\":\"SearchAction\",\"target\":{\"@type\":\"EntryPoint\",\"urlTemplate\":\"https:\/\/homeset.com.tr\/?s={search_term_string}\"},\"query-input\":\"required name=search_term_string\"}],\"inLanguage\":\"en-US\"},{\"@type\":\"Organization\",\"@id\":\"https:\/\/homeset.com.tr\/#organization\",\"name\":\"Homeset\",\"alternateName\":\"Homeset Mobilya\",\"url\":\"https:\/\/homeset.com.tr\/\",\"logo\":{\"@type\":\"ImageObject\",\"inLanguage\":\"en-US\",\"@id\":\"https:\/\/homeset.com.tr\/#\/schema\/logo\/image\/\",\"url\":\"https:\/\/homeset.com.tr\/wp-content\/uploads\/2023\/05\/homeset-logo.svg\",\"contentUrl\":\"https:\/\/homeset.com.tr\/wp-content\/uploads\/2023\/05\/homeset-logo.svg\",\"width\":254,\"height\":71,\"caption\":\"Homeset\"},\"image\":{\"@id\":\"https:\/\/homeset.com.tr\/#\/schema\/logo\/image\/\"},\"sameAs\":[\"https:\/\/www.facebook.com\/HomesetMobilya1\/\",\"https:\/\/instagram.com\/homesetmobilya\/\",\"https:\/\/www.youtube.com\/channel\/UC3pCei4mXwe7oQeoLi0v_5Q\"]}]}<\/script>\n<!-- \/ Yoast SEO plugin. -->","yoast_head_json":{"title":"Kurumsal - Homeset","robots":{"index":"index","follow":"follow","max-snippet":"max-snippet:-1","max-image-preview":"max-image-preview:large","max-video-preview":"max-video-preview:-1"},"canonical":"https:\/\/homeset.com.tr\/en\/kurumsal\/","og_locale":"en_US","og_type":"article","og_title":"Kurumsal - Homeset","og_url":"https:\/\/homeset.com.tr\/en\/kurumsal\/","og_site_name":"Homeset","article_publisher":"https:\/\/www.facebook.com\/HomesetMobilya1\/","article_modified_time":"2023-05-02T11:34:31+00:00","og_image":[{"url":"https:\/\/homeset.com.tr\/wp-content\/uploads\/2023\/05\/Rectangle-2121.svg"}],"twitter_card":"summary_large_image","twitter_misc":{"Est. reading time":"2 minutes"},"schema":{"@context":"https:\/\/schema.org","@graph":[{"@type":"WebPage","@id":"https:\/\/homeset.com.tr\/kurumsal\/","url":"https:\/\/homeset.com.tr\/kurumsal\/","name":"Kurumsal - Homeset","isPartOf":{"@id":"https:\/\/homeset.com.tr\/#website"},"datePublished":"2023-05-02T10:22:47+00:00","dateModified":"2023-05-02T11:34:31+00:00","breadcrumb":{"@id":"https:\/\/homeset.com.tr\/kurumsal\/#breadcrumb"},"inLanguage":"en-US","potentialAction":[{"@type":"ReadAction","target":["https:\/\/homeset.com.tr\/kurumsal\/"]}]},{"@type":"BreadcrumbList","@id":"https:\/\/homeset.com.tr\/kurumsal\/#breadcrumb","itemListElement":[{"@type":"ListItem","position":1,"name":"Anasayfa","item":"https:\/\/homeset.com.tr\/"},{"@type":"ListItem","position":2,"name":"Kurumsal"}]},{"@type":"WebSite","@id":"https:\/\/homeset.com.tr\/#website","url":"https:\/\/homeset.com.tr\/","name":"Homeset","description":"\u015e\u0131k, konforlu ve estetik.","publisher":{"@id":"https:\/\/homeset.com.tr\/#organization"},"alternateName":"Homeset Mobilya","potentialAction":[{"@type":"SearchAction","target":{"@type":"EntryPoint","urlTemplate":"https:\/\/homeset.com.tr\/?s={search_term_string}"},"query-input":"required name=search_term_string"}],"inLanguage":"en-US"},{"@type":"Organization","@id":"https:\/\/homeset.com.tr\/#organization","name":"Homeset","alternateName":"Homeset Mobilya","url":"https:\/\/homeset.com.tr\/","logo":{"@type":"ImageObject","inLanguage":"en-US","@id":"https:\/\/homeset.com.tr\/#\/schema\/logo\/image\/","url":"https:\/\/homeset.com.tr\/wp-content\/uploads\/2023\/05\/homeset-logo.svg","contentUrl":"https:\/\/homeset.com.tr\/wp-content\/uploads\/2023\/05\/homeset-logo.svg","width":254,"height":71,"caption":"Homeset"},"image":{"@id":"https:\/\/homeset.com.tr\/#\/schema\/logo\/image\/"},"sameAs":["https:\/\/www.facebook.com\/HomesetMobilya1\/","https:\/\/instagram.com\/homesetmobilya\/","https:\/\/www.youtube.com\/channel\/UC3pCei4mXwe7oQeoLi0v_5Q"]}]}},"_links":{"self":[{"href":"https:\/\/homeset.com.tr\/en\/wp-json\/wp\/v2\/pages\/61","targetHints":{"allow":["GET"]}}],"collection":[{"href":"https:\/\/homeset.com.tr\/en\/wp-json\/wp\/v2\/pages"}],"about":[{"href":"https:\/\/homeset.com.tr\/en\/wp-json\/wp\/v2\/types\/page"}],"author":[{"embeddable":true,"href":"https:\/\/homeset.com.tr\/en\/wp-json\/wp\/v2\/users\/1"}],"replies":[{"embeddable":true,"href":"https:\/\/homeset.com.tr\/en\/wp-json\/wp\/v2\/comments?post=61"}],"version-history":[{"count":2,"href":"https:\/\/homeset.com.tr\/en\/wp-json\/wp\/v2\/pages\/61\/revisions"}],"predecessor-version":[{"id":65,"href":"https:\/\/homeset.com.tr\/en\/wp-json\/wp\/v2\/pages\/61\/revisions\/65"}],"wp:attachment":[{"href":"https:\/\/homeset.com.tr\/en\/wp-json\/wp\/v2\/media?parent=61"}],"curies":[{"name":"wp","href":"https:\/\/api.w.org\/{rel}","templated":true}]}}