{"id":40,"date":"2023-05-02T13:06:57","date_gmt":"2023-05-02T10:06:57","guid":{"rendered":"https:\/\/homeset.com.tr\/?page_id=40"},"modified":"2024-08-23T10:26:35","modified_gmt":"2024-08-23T07:26:35","slug":"satis-noktalari","status":"publish","type":"page","link":"https:\/\/homeset.com.tr\/en\/satis-noktalari\/","title":{"rendered":"Sales Points"},"content":{"rendered":"<section class=\"wpb-content-wrapper\"><div id=\"row-banner\" data-vc-full-width=\"true\" data-vc-full-width-init=\"false\" data-vc-stretch-content=\"true\" class=\"vc_row wpb_row vc_row-fluid vc_row-no-padding\"><br \/>\n<b>Warning<\/b>:  Attempt to read property \"post_title\" on null in <b>\/var\/www\/vhosts\/homeset.com.tr\/httpdocs\/wp-content\/plugins\/js_composer\/include\/helpers\/helpers.php<\/b> on line <b>60<\/b><br \/>\n<div class=\"wpb_column vc_column_container vc_col-sm-12\"><div class=\"vc_column-inner\"><div class=\"wpb_wrapper\">\t\t<div class=\"promo-banner-wrapper\">\r\n\t\t\t<div id=\"wd-6450e1eeefc1d\" class=\"promo-banner banner- banner-hover-none color-scheme-light banner-btn-size-default banner-btn-style-default wd-display-image banner-vr-align-bottom banner-hr-align-center\" \r\n\t\t\t\t\t\t\t\t\t\t\t >\r\n\r\n\t\t\t\t<div class=\"main-wrapp-img\">\r\n\t\t\t\t\t\t\t\t\t\t\t<div class=\"banner-image\">\r\n\t\t\t\t\t\t\t\t\t\t\t\t\t<\/div>\r\n\t\t\t\t\t\t\t\t\t<\/div>\r\n\r\n\t\t\t\t<div class=\"wrapper-content-banner wd-fill  wd-items-bottom wd-justify-center\">\r\n\t\t\t\t\t<div class=\"content-banner text-center wd-width-100\">\r\n\t\t\t\t\t\t\t<div class=\"banner-title-wrap banner-title-default\">\r\n\t\t\t\t\t\t\t\t\t\t\t\t\t\t\t\t\t<h4 class=\"banner-title wd-font-weight- wd-fontsize-l\">SALES POINTS<\/h4>\t\t\t\t\t\t\t\t<\/div>\r\n\t\t\t\t\t\t\t\t\t\t\t\t\t\t\t\t\t<\/div>\r\n\t\t\t\t<\/div>\r\n\t\t\t\t\t\t\t<\/div>\r\n\t\t<\/div>\r\n\t\t\r\n\t\t<\/div><\/div><\/div><\/div><div class=\"vc_row-full-width vc_clearfix\"><\/div><div id=\"row-adres-resim\" class=\"vc_row wpb_row vc_row-fluid vc_row-o-content-middle vc_row-flex\"><div class=\"wpb_column vc_column_container vc_col-sm-1\"><div class=\"vc_column-inner\"><div class=\"wpb_wrapper\"><\/div><\/div><\/div><div class=\"wpb_column vc_column_container vc_col-sm-10\"><div class=\"vc_column-inner\"><div class=\"wpb_wrapper\"><div id=\"row-adres\" class=\"vc_row wpb_row vc_inner vc_row-fluid vc_row-o-content-middle vc_row-flex\"><div class=\"wpb_column column-adres vc_column_container vc_col-sm-6\"><div class=\"vc_column-inner\"><div class=\"wpb_wrapper\">\n\t<div class=\"wpb_text_column wpb_content_element\" >\n\t\t<div class=\"wpb_wrapper\">\n\t\t\t<div class=\"cerceve\">\n<div class=\"birinci-kisim\">\n<p style=\"text-align: center;\"><strong class=\"ana-baslik\">KAYSER\u0130 REGIONAL DEALER<br \/>\nMOD\u0130LLA MOB\u0130LYA<\/strong><\/p>\n<p><img decoding=\"async\" class=\"aligncenter\" src=\"https:\/\/homeset.com.tr\/wp-content\/uploads\/2023\/05\/Rectangle-2121.svg\" \/><\/p>\n<\/div>\n<div class=\"ikinci-kisim\">\n<p style=\"text-align: left;\"><strong class=\"adres-baslik\">Address<\/strong><\/p>\n<p><img decoding=\"async\" class=\"adres-resim\" src=\"https:\/\/homeset.com.tr\/wp-content\/uploads\/2023\/05\/Rectangle-2121.svg\" \/><\/p>\n<p style=\"text-align: left;\"><a title=\"Address\" href=\"https:\/\/goo.gl\/maps\/KJcB7ht1v4cY2xtB8\">OYMAAA\u011eA\u00c7 MAH. 5065 SK. 11<br \/>\nBLOK NO:4 KOCAS\u0130NAN \/ KAYSER\u0130<\/a><\/p>\n<\/div>\n<div class=\"ucuncu-kisim\">\n<p style=\"text-align: left;\"><strong class=\"adres-baslik\">Phone<\/strong><\/p>\n<p><img decoding=\"async\" class=\"adres-resim\" src=\"https:\/\/homeset.com.tr\/wp-content\/uploads\/2023\/05\/Rectangle-2121.svg\" \/><\/p>\n<p style=\"text-align: left;\"><a title=\"Telefon Numaras\u0131\" href=\"tel: 905359650938\">+90 535 965 09 38<\/a><\/p>\n<\/div>\n<\/div>\n\n\t\t<\/div>\n\t<\/div>\n\n\t<div class=\"wpb_text_column wpb_content_element\" >\n\t\t<div class=\"wpb_wrapper\">\n\t\t\t<div class=\"cerceve\">\n<div class=\"birinci-kisim\">\n<p style=\"text-align: center;\"><strong class=\"ana-baslik\">ANTALYA B\u00d6LGE BAY\u0130\u0130<br \/>\nKUZEY MOB\u0130LYA<\/strong><\/p>\n<p><img decoding=\"async\" class=\"aligncenter\" src=\"https:\/\/homeset.com.tr\/wp-content\/uploads\/2023\/05\/Rectangle-2121.svg\" \/><\/p>\n<\/div>\n<div class=\"ikinci-kisim\">\n<p style=\"text-align: left;\"><strong class=\"adres-baslik\">Address<\/strong><\/p>\n<p><img decoding=\"async\" class=\"adres-resim\" src=\"https:\/\/homeset.com.tr\/wp-content\/uploads\/2023\/05\/Rectangle-2121.svg\" \/><\/p>\n<p style=\"text-align: left;\"><a title=\"Address\" href=\"https:\/\/goo.gl\/maps\/KJcB7ht1v4cY2xtB8\">YE\u015e\u0130LOVA MAH.1669 SOK.NO:30<br \/>\nMURATPA\u015eA \/ ANTALYA<\/a><\/p>\n<\/div>\n<div class=\"ucuncu-kisim\">\n<p style=\"text-align: left;\"><strong class=\"adres-baslik\">Phone<\/strong><\/p>\n<p><img decoding=\"async\" class=\"adres-resim\" src=\"https:\/\/homeset.com.tr\/wp-content\/uploads\/2023\/05\/Rectangle-2121.svg\" \/><\/p>\n<p>+90 545 686 35 00<\/p>\n<\/div>\n<\/div>\n\n\t\t<\/div>\n\t<\/div>\n<\/div><\/div><\/div><div class=\"wpb_column column-yazili-resim vc_column_container vc_col-sm-6\"><div class=\"vc_column-inner\"><div class=\"wpb_wrapper\">\n\t<div  class=\"wpb_single_image wpb_content_element vc_align_center satis-noktalari-resim-1\">\n\t\t\n\t\t<figure class=\"wpb_wrapper vc_figure\">\n\t\t\t<div class=\"vc_single_image-wrapper   vc_box_border_grey\"><img loading=\"lazy\" decoding=\"async\" width=\"1059\" height=\"769\" src=\"https:\/\/homeset.com.tr\/wp-content\/uploads\/2023\/05\/homeset-kayseri.jpg\" class=\"vc_single_image-img attachment-full\" alt=\"\" title=\"homeset-kayseri\" srcset=\"https:\/\/homeset.com.tr\/wp-content\/uploads\/2023\/05\/homeset-kayseri.jpg 1059w, https:\/\/homeset.com.tr\/wp-content\/uploads\/2023\/05\/homeset-kayseri-300x218.jpg 300w, https:\/\/homeset.com.tr\/wp-content\/uploads\/2023\/05\/homeset-kayseri-800x581.jpg 800w, https:\/\/homeset.com.tr\/wp-content\/uploads\/2023\/05\/homeset-kayseri-1024x744.jpg 1024w, https:\/\/homeset.com.tr\/wp-content\/uploads\/2023\/05\/homeset-kayseri-768x558.jpg 768w, https:\/\/homeset.com.tr\/wp-content\/uploads\/2023\/05\/homeset-kayseri-18x12.jpg 18w\" sizes=\"auto, (max-width: 1059px) 100vw, 1059px\" \/><\/div>\n\t\t<\/figure>\n\t<\/div>\n\n\t<div  class=\"wpb_single_image wpb_content_element vc_align_center satis-noktalari-resim-1\">\n\t\t\n\t\t<figure class=\"wpb_wrapper vc_figure\">\n\t\t\t<div class=\"vc_single_image-wrapper   vc_box_border_grey\"><img loading=\"lazy\" decoding=\"async\" width=\"1059\" height=\"769\" src=\"https:\/\/homeset.com.tr\/wp-content\/uploads\/2024\/08\/homeset-kayseri.jpg\" class=\"vc_single_image-img attachment-full\" alt=\"\" title=\"homeset-kayseri\" srcset=\"https:\/\/homeset.com.tr\/wp-content\/uploads\/2024\/08\/homeset-kayseri.jpg 1059w, https:\/\/homeset.com.tr\/wp-content\/uploads\/2024\/08\/homeset-kayseri-300x218.jpg 300w, https:\/\/homeset.com.tr\/wp-content\/uploads\/2024\/08\/homeset-kayseri-800x581.jpg 800w, https:\/\/homeset.com.tr\/wp-content\/uploads\/2024\/08\/homeset-kayseri-1024x744.jpg 1024w, https:\/\/homeset.com.tr\/wp-content\/uploads\/2024\/08\/homeset-kayseri-768x558.jpg 768w, https:\/\/homeset.com.tr\/wp-content\/uploads\/2024\/08\/homeset-kayseri-18x12.jpg 18w\" sizes=\"auto, (max-width: 1059px) 100vw, 1059px\" \/><\/div>\n\t\t<\/figure>\n\t<\/div>\n<\/div><\/div><\/div><\/div><\/div><\/div><\/div><div class=\"wpb_column vc_column_container vc_col-sm-1\"><div class=\"vc_column-inner\"><div class=\"wpb_wrapper\"><\/div><\/div><\/div><\/div><div class=\"vc_row wpb_row vc_row-fluid vc_row-o-content-middle vc_row-flex\"><div class=\"wpb_column vc_column_container vc_col-sm-1\"><div class=\"vc_column-inner\"><div class=\"wpb_wrapper\"><\/div><\/div><\/div><div class=\"wpb_column vc_column_container vc_col-sm-10\"><div class=\"vc_column-inner\"><div class=\"wpb_wrapper\"><\/div><\/div><\/div><div class=\"wpb_column vc_column_container vc_col-sm-1\"><div class=\"vc_column-inner\"><div class=\"wpb_wrapper\"><\/div><\/div><\/div><\/div>\n<\/section>","protected":false},"excerpt":{"rendered":"Warning: Attempt to read property \"post_title\" on null in \/var\/www\/vhosts\/homeset.com.tr\/httpdocs\/wp-content\/plugins\/js_composer\/include\/helpers\/helpers.php on line 60 SATI\u015e NOKTALARI KAYSER\u0130 B\u00d6LGE BAY\u0130\u0130 MOD\u0130LLA MOB\u0130LYA","protected":false},"author":1,"featured_media":0,"parent":0,"menu_order":0,"comment_status":"closed","ping_status":"closed","template":"","meta":{"footnotes":""},"class_list":["post-40","page","type-page","status-publish","hentry"],"yoast_head":"<!-- This site is optimized with the Yoast SEO plugin v20.6 - https:\/\/yoast.com\/wordpress\/plugins\/seo\/ -->\n<title>Sat\u0131\u015f Noktalar\u0131 - Homeset<\/title>\n<meta name=\"robots\" content=\"index, follow, max-snippet:-1, max-image-preview:large, max-video-preview:-1\" \/>\n<link rel=\"canonical\" href=\"https:\/\/homeset.com.tr\/en\/satis-noktalari\/\" \/>\n<meta property=\"og:locale\" content=\"en_US\" \/>\n<meta property=\"og:type\" content=\"article\" \/>\n<meta property=\"og:title\" content=\"Sat\u0131\u015f Noktalar\u0131 - Homeset\" \/>\n<meta property=\"og:url\" content=\"https:\/\/homeset.com.tr\/en\/satis-noktalari\/\" \/>\n<meta property=\"og:site_name\" content=\"Homeset\" \/>\n<meta property=\"article:publisher\" content=\"https:\/\/www.facebook.com\/HomesetMobilya1\/\" \/>\n<meta property=\"article:modified_time\" content=\"2024-08-23T07:26:35+00:00\" \/>\n<meta property=\"og:image\" content=\"https:\/\/homeset.com.tr\/wp-content\/uploads\/2023\/05\/Rectangle-2121.svg\" \/>\n<meta name=\"twitter:card\" content=\"summary_large_image\" \/>\n<meta name=\"twitter:label1\" content=\"Est. reading time\" \/>\n\t<meta name=\"twitter:data1\" content=\"2 minutes\" \/>\n<script type=\"application\/ld+json\" class=\"yoast-schema-graph\">{\"@context\":\"https:\/\/schema.org\",\"@graph\":[{\"@type\":\"WebPage\",\"@id\":\"https:\/\/homeset.com.tr\/satis-noktalari\/\",\"url\":\"https:\/\/homeset.com.tr\/satis-noktalari\/\",\"name\":\"Sat\u0131\u015f Noktalar\u0131 - Homeset\",\"isPartOf\":{\"@id\":\"https:\/\/homeset.com.tr\/#website\"},\"datePublished\":\"2023-05-02T10:06:57+00:00\",\"dateModified\":\"2024-08-23T07:26:35+00:00\",\"breadcrumb\":{\"@id\":\"https:\/\/homeset.com.tr\/satis-noktalari\/#breadcrumb\"},\"inLanguage\":\"en-US\",\"potentialAction\":[{\"@type\":\"ReadAction\",\"target\":[\"https:\/\/homeset.com.tr\/satis-noktalari\/\"]}]},{\"@type\":\"BreadcrumbList\",\"@id\":\"https:\/\/homeset.com.tr\/satis-noktalari\/#breadcrumb\",\"itemListElement\":[{\"@type\":\"ListItem\",\"position\":1,\"name\":\"Anasayfa\",\"item\":\"https:\/\/homeset.com.tr\/\"},{\"@type\":\"ListItem\",\"position\":2,\"name\":\"Sat\u0131\u015f Noktalar\u0131\"}]},{\"@type\":\"WebSite\",\"@id\":\"https:\/\/homeset.com.tr\/#website\",\"url\":\"https:\/\/homeset.com.tr\/\",\"name\":\"Homeset\",\"description\":\"\u015e\u0131k, konforlu ve estetik.\",\"publisher\":{\"@id\":\"https:\/\/homeset.com.tr\/#organization\"},\"alternateName\":\"Homeset Mobilya\",\"potentialAction\":[{\"@type\":\"SearchAction\",\"target\":{\"@type\":\"EntryPoint\",\"urlTemplate\":\"https:\/\/homeset.com.tr\/?s={search_term_string}\"},\"query-input\":\"required name=search_term_string\"}],\"inLanguage\":\"en-US\"},{\"@type\":\"Organization\",\"@id\":\"https:\/\/homeset.com.tr\/#organization\",\"name\":\"Homeset\",\"alternateName\":\"Homeset Mobilya\",\"url\":\"https:\/\/homeset.com.tr\/\",\"logo\":{\"@type\":\"ImageObject\",\"inLanguage\":\"en-US\",\"@id\":\"https:\/\/homeset.com.tr\/#\/schema\/logo\/image\/\",\"url\":\"https:\/\/homeset.com.tr\/wp-content\/uploads\/2023\/05\/homeset-logo.svg\",\"contentUrl\":\"https:\/\/homeset.com.tr\/wp-content\/uploads\/2023\/05\/homeset-logo.svg\",\"width\":254,\"height\":71,\"caption\":\"Homeset\"},\"image\":{\"@id\":\"https:\/\/homeset.com.tr\/#\/schema\/logo\/image\/\"},\"sameAs\":[\"https:\/\/www.facebook.com\/HomesetMobilya1\/\",\"https:\/\/instagram.com\/homesetmobilya\/\",\"https:\/\/www.youtube.com\/channel\/UC3pCei4mXwe7oQeoLi0v_5Q\"]}]}<\/script>\n<!-- \/ Yoast SEO plugin. -->","yoast_head_json":{"title":"Sat\u0131\u015f Noktalar\u0131 - Homeset","robots":{"index":"index","follow":"follow","max-snippet":"max-snippet:-1","max-image-preview":"max-image-preview:large","max-video-preview":"max-video-preview:-1"},"canonical":"https:\/\/homeset.com.tr\/en\/satis-noktalari\/","og_locale":"en_US","og_type":"article","og_title":"Sat\u0131\u015f Noktalar\u0131 - Homeset","og_url":"https:\/\/homeset.com.tr\/en\/satis-noktalari\/","og_site_name":"Homeset","article_publisher":"https:\/\/www.facebook.com\/HomesetMobilya1\/","article_modified_time":"2024-08-23T07:26:35+00:00","og_image":[{"url":"https:\/\/homeset.com.tr\/wp-content\/uploads\/2023\/05\/Rectangle-2121.svg"}],"twitter_card":"summary_large_image","twitter_misc":{"Est. reading time":"2 minutes"},"schema":{"@context":"https:\/\/schema.org","@graph":[{"@type":"WebPage","@id":"https:\/\/homeset.com.tr\/satis-noktalari\/","url":"https:\/\/homeset.com.tr\/satis-noktalari\/","name":"Sat\u0131\u015f Noktalar\u0131 - Homeset","isPartOf":{"@id":"https:\/\/homeset.com.tr\/#website"},"datePublished":"2023-05-02T10:06:57+00:00","dateModified":"2024-08-23T07:26:35+00:00","breadcrumb":{"@id":"https:\/\/homeset.com.tr\/satis-noktalari\/#breadcrumb"},"inLanguage":"en-US","potentialAction":[{"@type":"ReadAction","target":["https:\/\/homeset.com.tr\/satis-noktalari\/"]}]},{"@type":"BreadcrumbList","@id":"https:\/\/homeset.com.tr\/satis-noktalari\/#breadcrumb","itemListElement":[{"@type":"ListItem","position":1,"name":"Anasayfa","item":"https:\/\/homeset.com.tr\/"},{"@type":"ListItem","position":2,"name":"Sat\u0131\u015f Noktalar\u0131"}]},{"@type":"WebSite","@id":"https:\/\/homeset.com.tr\/#website","url":"https:\/\/homeset.com.tr\/","name":"Homeset","description":"\u015e\u0131k, konforlu ve estetik.","publisher":{"@id":"https:\/\/homeset.com.tr\/#organization"},"alternateName":"Homeset Mobilya","potentialAction":[{"@type":"SearchAction","target":{"@type":"EntryPoint","urlTemplate":"https:\/\/homeset.com.tr\/?s={search_term_string}"},"query-input":"required name=search_term_string"}],"inLanguage":"en-US"},{"@type":"Organization","@id":"https:\/\/homeset.com.tr\/#organization","name":"Homeset","alternateName":"Homeset Mobilya","url":"https:\/\/homeset.com.tr\/","logo":{"@type":"ImageObject","inLanguage":"en-US","@id":"https:\/\/homeset.com.tr\/#\/schema\/logo\/image\/","url":"https:\/\/homeset.com.tr\/wp-content\/uploads\/2023\/05\/homeset-logo.svg","contentUrl":"https:\/\/homeset.com.tr\/wp-content\/uploads\/2023\/05\/homeset-logo.svg","width":254,"height":71,"caption":"Homeset"},"image":{"@id":"https:\/\/homeset.com.tr\/#\/schema\/logo\/image\/"},"sameAs":["https:\/\/www.facebook.com\/HomesetMobilya1\/","https:\/\/instagram.com\/homesetmobilya\/","https:\/\/www.youtube.com\/channel\/UC3pCei4mXwe7oQeoLi0v_5Q"]}]}},"_links":{"self":[{"href":"https:\/\/homeset.com.tr\/en\/wp-json\/wp\/v2\/pages\/40","targetHints":{"allow":["GET"]}}],"collection":[{"href":"https:\/\/homeset.com.tr\/en\/wp-json\/wp\/v2\/pages"}],"about":[{"href":"https:\/\/homeset.com.tr\/en\/wp-json\/wp\/v2\/types\/page"}],"author":[{"embeddable":true,"href":"https:\/\/homeset.com.tr\/en\/wp-json\/wp\/v2\/users\/1"}],"replies":[{"embeddable":true,"href":"https:\/\/homeset.com.tr\/en\/wp-json\/wp\/v2\/comments?post=40"}],"version-history":[{"count":15,"href":"https:\/\/homeset.com.tr\/en\/wp-json\/wp\/v2\/pages\/40\/revisions"}],"predecessor-version":[{"id":5212,"href":"https:\/\/homeset.com.tr\/en\/wp-json\/wp\/v2\/pages\/40\/revisions\/5212"}],"wp:attachment":[{"href":"https:\/\/homeset.com.tr\/en\/wp-json\/wp\/v2\/media?parent=40"}],"curies":[{"name":"wp","href":"https:\/\/api.w.org\/{rel}","templated":true}]}}